{"id":4460,"date":"2020-12-02T17:41:07","date_gmt":"2020-12-02T16:41:07","guid":{"rendered":"https:\/\/gl-realestate.hr\/ferienobjekte-zur-miete\/"},"modified":"2021-05-18T06:59:31","modified_gmt":"2021-05-18T04:59:31","slug":"ferienobjekte-zur-miete","status":"publish","type":"page","link":"https:\/\/gl-realestate.hr\/de\/ferienobjekte-zur-miete\/","title":{"rendered":"Ferienobjekte zur Miete"},"content":{"rendered":"\t\t<div data-elementor-type=\"wp-page\" data-elementor-id=\"4460\" class=\"elementor elementor-4460 elementor-3286\">\n\t\t\t\t\t\t<div class=\"elementor-inner\">\n\t\t\t\t<div class=\"elementor-section-wrap\">\n\t\t\t\t\t\t\t\t\t<section class=\"elementor-section elementor-top-section elementor-element elementor-element-719f3c6 elementor-section-content-space-evenly elementor-section-boxed elementor-section-height-default elementor-section-height-default\" data-id=\"719f3c6\" data-element_type=\"section\">\n\t\t\t\t\t\t<div class=\"elementor-container elementor-column-gap-default\">\n\t\t\t\t\t\t\t<div class=\"elementor-row\">\n\t\t\t\t\t<div class=\"elementor-column elementor-col-100 elementor-top-column elementor-element elementor-element-763b4e6\" data-id=\"763b4e6\" data-element_type=\"column\">\n\t\t\t<div class=\"elementor-column-wrap elementor-element-populated\">\n\t\t\t\t\t\t\t<div class=\"elementor-widget-wrap\">\n\t\t\t\t\t\t<div class=\"elementor-element elementor-element-75e7c59 elementor-widget elementor-widget-text-editor\" data-id=\"75e7c59\" data-element_type=\"widget\" data-widget_type=\"text-editor.default\">\n\t\t\t\t<div class=\"elementor-widget-container\">\n\t\t\t\t\t\t\t\t<div class=\"elementor-text-editor elementor-clearfix\">\n\t\t\t\t<h2 style=\"text-align: center;\">Vermietungsservice<\/h2><p style=\"text-align: center;\"><br \/>Vermietungsservice &#8211; Wir buchen Ihre Apartments, Wohnungen, H\u00e4user oder Villen zur Miete. Wir arbeiten mit verschiedenen Portalen zusammen und erledigen den wichtigsten Teil f\u00fcr Sie &#8211; Immobilienwerbung. Wir\u00a0 bieten Ihnen die M\u00f6glichkeit, auf 30 verschiedenen Portalen weltweit zu werben.<\/p><p style=\"text-align: center;\">Sie k\u00f6nnen zwischen 3 Servicepaketen w\u00e4hlen: Basic, Standard und Full. Unsere langj\u00e4hrige Erfahrung im professionellen Bereich hat uns zu der Erkenntnis gef\u00fchrt, dass jeder Kunde individuell angesprochen und vollst\u00e4ndig an die Bed\u00fcrfnisse des Kunden angepasst werden muss.<\/p><p style=\"text-align: center;\">Gemeinsam arrangieren und definieren wir die gew\u00fcnschten und ben\u00f6tigten Dienstleistungen und bieten Ihnen die M\u00f6glichkeit, ein Paket Ihrer Wahl zu erstellen, das von der Vermietung \u00fcber die ganzj\u00e4hrige Wartung bis hin zur Vorbereitung der Einrichtung auf Ihre Ankunft oder die Ankunft Ihrer G\u00e4ste reicht. Was wir Ihnen anbieten m\u00f6chten, ist wirklich ein kompletter Immobilienmaklerservice.<\/p><p style=\"text-align: center;\">Wir bieten Ihnen auch einen Immobilienwartungsservice im Tourismus an, \u00fcber den Sie <a href=\"https:\/\/gl-realestate.hr\/de\/wartungsservice\/\">hier<\/a> mehr erfahren k\u00f6nnen.<\/p>\t\t\t\t\t<\/div>\n\t\t\t\t\t\t<\/div>\n\t\t\t\t<\/div>\n\t\t\t\t<div class=\"elementor-element elementor-element-bcaaf61 elementor-widget elementor-widget-spacer\" data-id=\"bcaaf61\" data-element_type=\"widget\" data-widget_type=\"spacer.default\">\n\t\t\t\t<div class=\"elementor-widget-container\">\n\t\t\t\t\t<div class=\"elementor-spacer\">\n\t\t\t<div class=\"elementor-spacer-inner\"><\/div>\n\t\t<\/div>\n\t\t\t\t<\/div>\n\t\t\t\t<\/div>\n\t\t\t\t<div class=\"elementor-element elementor-element-791e92e elementor-widget elementor-widget-apus_element_features_box\" data-id=\"791e92e\" data-element_type=\"widget\" data-widget_type=\"apus_element_features_box.default\">\n\t\t\t\t<div class=\"elementor-widget-container\">\n\t\t\t            <div class=\"widget-features-box pricing-boxes-custom center style1\">\n                                    <div class=\"slick-carousel hidden-dots\" data-items=\"3\" data-smallmedium=\"2\" data-extrasmall=\"1\" data-pagination=\"true\" data-nav=\"false\">\n                                                    <div class=\"item\">\n                                <div class=\"item-inner\">\n                                    <div class=\"top-inner\">\n                                                                                <div class=\"features-box-image icon\"><i class=\"ti-light-bulb\"><\/i><\/div><\/div><div class=\"features-box-content\"><h3 class=\"title\">Basic<\/h3><div class=\"description\"><ul>\n<li> BOOKING<\/ li> <\/ ul>\n<li> Online- und telefonische Unterst\u00fctzung f\u00fcr jeden Gast 24\/7 <\/ li>\n<\/ ul><\/div><\/div>\n                                <\/div>\n                            <\/div>\n                                                    <div class=\"item\">\n                                <div class=\"item-inner\">\n                                    <div class=\"top-inner\">\n                                                                                <div class=\"features-box-image icon\"><i class=\"ti-cup\"><\/i><\/div><\/div><div class=\"features-box-content\"><h3 class=\"title\">Standard<\/h3><div class=\"description\"><ul>\n<li> BOOKING<\/ li> <\/ ul>\n<li> Online- und telefonische Unterst\u00fctzung f\u00fcr jeden Gast 24\/7 <\/ li>\n<Li> CHECK-IN der G\u00e4ste vor Ort <\/ li>\n<\/ ul><\/div><\/div>\n                                <\/div>\n                            <\/div>\n                                                    <div class=\"item\">\n                                <div class=\"item-inner\">\n                                    <div class=\"top-inner\">\n                                                                                <div class=\"features-box-image icon\"><i class=\"ti-medall-alt\"><\/i><\/div><\/div><div class=\"features-box-content\"><h3 class=\"title\">Full<\/h3><div class=\"description\"><ul>\n<li> BOOKING<\/ li> <\/ ul>\n<li> Online- und telefonische Unterst\u00fctzung f\u00fcr jeden Gast 24\/7 <\/ li>\n<Li> CHECK-IN der G\u00e4ste vor Ort <\/ li>\n<li> Die Wartung Ihrer Unterkunft umfasst die Vorbereitung auf die Saison und die Vorbereitung auf die Ankunft jedes Gastes <\/ li>\n<\/ ul><\/div><\/div>\n                                <\/div>\n                            <\/div>\n                                            <\/div>\n                            <\/div>\n            \t\t<\/div>\n\t\t\t\t<\/div>\n\t\t\t\t\t\t<\/div>\n\t\t\t\t\t<\/div>\n\t\t<\/div>\n\t\t\t\t\t\t\t\t<\/div>\n\t\t\t\t\t<\/div>\n\t\t<\/section>\n\t\t\t\t<section class=\"elementor-section elementor-top-section elementor-element elementor-element-5fc64bc elementor-section-boxed elementor-section-height-default elementor-section-height-default\" data-id=\"5fc64bc\" data-element_type=\"section\">\n\t\t\t\t\t\t<div class=\"elementor-container elementor-column-gap-default\">\n\t\t\t\t\t\t\t<div class=\"elementor-row\">\n\t\t\t\t\t<div class=\"elementor-column elementor-col-100 elementor-top-column elementor-element elementor-element-3b5f92b\" data-id=\"3b5f92b\" data-element_type=\"column\">\n\t\t\t<div class=\"elementor-column-wrap elementor-element-populated\">\n\t\t\t\t\t\t\t<div class=\"elementor-widget-wrap\">\n\t\t\t\t\t\t<div class=\"elementor-element elementor-element-fd898d9 elementor-widget elementor-widget-spacer\" data-id=\"fd898d9\" data-element_type=\"widget\" data-widget_type=\"spacer.default\">\n\t\t\t\t<div class=\"elementor-widget-container\">\n\t\t\t\t\t<div class=\"elementor-spacer\">\n\t\t\t<div class=\"elementor-spacer-inner\"><\/div>\n\t\t<\/div>\n\t\t\t\t<\/div>\n\t\t\t\t<\/div>\n\t\t\t\t\t\t<\/div>\n\t\t\t\t\t<\/div>\n\t\t<\/div>\n\t\t\t\t\t\t\t\t<\/div>\n\t\t\t\t\t<\/div>\n\t\t<\/section>\n\t\t\t\t<section class=\"elementor-section elementor-top-section elementor-element elementor-element-a25afa8 elementor-section-stretched elementor-section-content-middle elementor-section-boxed elementor-section-height-default elementor-section-height-default\" data-id=\"a25afa8\" data-element_type=\"section\" data-settings=\"{&quot;stretch_section&quot;:&quot;section-stretched&quot;,&quot;background_background&quot;:&quot;classic&quot;}\">\n\t\t\t\t\t\t<div class=\"elementor-container elementor-column-gap-extended\">\n\t\t\t\t\t\t\t<div class=\"elementor-row\">\n\t\t\t\t\t<div class=\"elementor-column elementor-col-50 elementor-top-column elementor-element elementor-element-5c8b946\" data-id=\"5c8b946\" data-element_type=\"column\">\n\t\t\t<div class=\"elementor-column-wrap elementor-element-populated\">\n\t\t\t\t\t\t\t<div class=\"elementor-widget-wrap\">\n\t\t\t\t\t\t<div class=\"elementor-element elementor-element-7ed210f elementor-widget elementor-widget-heading\" data-id=\"7ed210f\" data-element_type=\"widget\" data-widget_type=\"heading.default\">\n\t\t\t\t<div class=\"elementor-widget-container\">\n\t\t\t<h2 class=\"elementor-heading-title elementor-size-default\">Kontaktieren Sie uns   <\/h2>\t\t<\/div>\n\t\t\t\t<\/div>\n\t\t\t\t<div class=\"elementor-element elementor-element-ee48b82 elementor-widget elementor-widget-heading\" data-id=\"ee48b82\" data-element_type=\"widget\" data-widget_type=\"heading.default\">\n\t\t\t\t<div class=\"elementor-widget-container\">\n\t\t\t<div class=\"elementor-heading-title elementor-size-default\">Vereinbaren Sie Ihren individuellen Preis.<\/div>\t\t<\/div>\n\t\t\t\t<\/div>\n\t\t\t\t\t\t<\/div>\n\t\t\t\t\t<\/div>\n\t\t<\/div>\n\t\t\t\t<div class=\"elementor-column elementor-col-50 elementor-top-column elementor-element elementor-element-ee6e850\" data-id=\"ee6e850\" data-element_type=\"column\">\n\t\t\t<div class=\"elementor-column-wrap elementor-element-populated\">\n\t\t\t\t\t\t\t<div class=\"elementor-widget-wrap\">\n\t\t\t\t\t\t<div class=\"elementor-element elementor-element-0a6f623 elementor-align-right elementor-mobile-align-left elementor-widget elementor-widget-button\" data-id=\"0a6f623\" data-element_type=\"widget\" data-widget_type=\"button.default\">\n\t\t\t\t<div class=\"elementor-widget-container\">\n\t\t\t\t\t<div class=\"elementor-button-wrapper\">\n\t\t\t<a href=\"https:\/\/gl-realestate.hr\/de\/kontakt\/\" class=\"elementor-button-link elementor-button elementor-size-md\" role=\"button\">\n\t\t\t\t\t\t<span class=\"elementor-button-content-wrapper\">\n\t\t\t\t\t\t<span class=\"elementor-button-text\">Kontakt<\/span>\n\t\t<\/span>\n\t\t\t\t\t<\/a>\n\t\t<\/div>\n\t\t\t\t<\/div>\n\t\t\t\t<\/div>\n\t\t\t\t\t\t<\/div>\n\t\t\t\t\t<\/div>\n\t\t<\/div>\n\t\t\t\t\t\t\t\t<\/div>\n\t\t\t\t\t<\/div>\n\t\t<\/section>\n\t\t\t\t\t\t\t\t\t<\/div>\n\t\t\t<\/div>\n\t\t\t\t\t<\/div>\n\t\t","protected":false},"excerpt":{"rendered":"<p>Vermietungsservice Vermietungsservice &#8211; Wir buchen Ihre Apartments, Wohnungen, H\u00e4user oder Villen zur Miete. Wir arbeiten mit verschiedenen Portalen zusammen und erledigen den wichtigsten Teil f\u00fcr Sie &#8211; Immobilienwerbung. Wir\u00a0 bieten Ihnen die M\u00f6glichkeit, auf 30 verschiedenen Portalen weltweit zu werben. Sie k\u00f6nnen zwischen 3 Servicepaketen w\u00e4hlen: Basic, Standard und Full. Unsere langj\u00e4hrige Erfahrung im professionellen [&hellip;]<\/p>\n","protected":false},"author":1,"featured_media":0,"parent":0,"menu_order":0,"comment_status":"closed","ping_status":"closed","template":"","meta":{"footnotes":""},"class_list":["post-4460","page","type-page","status-publish","hentry"],"yoast_head":"<!-- This site is optimized with the Yoast SEO plugin v16.6.1 - https:\/\/yoast.com\/wordpress\/plugins\/seo\/ -->\n<title>Ferienobjekte zur Miete - GL Realestate<\/title>\n<meta name=\"robots\" content=\"index, follow, max-snippet:-1, max-image-preview:large, max-video-preview:-1\" \/>\n<link rel=\"canonical\" href=\"https:\/\/gl-realestate.hr\/de\/ferienobjekte-zur-miete\/\" \/>\n<meta property=\"og:locale\" content=\"de_DE\" \/>\n<meta property=\"og:type\" content=\"article\" \/>\n<meta property=\"og:title\" content=\"Ferienobjekte zur Miete - GL Realestate\" \/>\n<meta property=\"og:description\" content=\"Vermietungsservice Vermietungsservice &#8211; Wir buchen Ihre Apartments, Wohnungen, H\u00e4user oder Villen zur Miete. Wir arbeiten mit verschiedenen Portalen zusammen und erledigen den wichtigsten Teil f\u00fcr Sie &#8211; Immobilienwerbung. Wir\u00a0 bieten Ihnen die M\u00f6glichkeit, auf 30 verschiedenen Portalen weltweit zu werben. Sie k\u00f6nnen zwischen 3 Servicepaketen w\u00e4hlen: Basic, Standard und Full. Unsere langj\u00e4hrige Erfahrung im professionellen [&hellip;]\" \/>\n<meta property=\"og:url\" content=\"https:\/\/gl-realestate.hr\/de\/ferienobjekte-zur-miete\/\" \/>\n<meta property=\"og:site_name\" content=\"GL Realestate\" \/>\n<meta property=\"article:modified_time\" content=\"2021-05-18T04:59:31+00:00\" \/>\n<meta name=\"twitter:card\" content=\"summary_large_image\" \/>\n<meta name=\"twitter:label1\" content=\"Gesch\u00e4tzte Lesezeit\" \/>\n\t<meta name=\"twitter:data1\" content=\"1\u00a0Minute\" \/>\n<script type=\"application\/ld+json\" class=\"yoast-schema-graph\">{\"@context\":\"https:\/\/schema.org\",\"@graph\":[{\"@type\":\"WebSite\",\"@id\":\"https:\/\/gl-realestate.hr\/#website\",\"url\":\"https:\/\/gl-realestate.hr\/\",\"name\":\"GL Realestate\",\"description\":\"\",\"potentialAction\":[{\"@type\":\"SearchAction\",\"target\":{\"@type\":\"EntryPoint\",\"urlTemplate\":\"https:\/\/gl-realestate.hr\/?s={search_term_string}\"},\"query-input\":\"required name=search_term_string\"}],\"inLanguage\":\"de\"},{\"@type\":\"WebPage\",\"@id\":\"https:\/\/gl-realestate.hr\/de\/ferienobjekte-zur-miete\/#webpage\",\"url\":\"https:\/\/gl-realestate.hr\/de\/ferienobjekte-zur-miete\/\",\"name\":\"Ferienobjekte zur Miete - GL Realestate\",\"isPartOf\":{\"@id\":\"https:\/\/gl-realestate.hr\/#website\"},\"datePublished\":\"2020-12-02T16:41:07+00:00\",\"dateModified\":\"2021-05-18T04:59:31+00:00\",\"breadcrumb\":{\"@id\":\"https:\/\/gl-realestate.hr\/de\/ferienobjekte-zur-miete\/#breadcrumb\"},\"inLanguage\":\"de\",\"potentialAction\":[{\"@type\":\"ReadAction\",\"target\":[\"https:\/\/gl-realestate.hr\/de\/ferienobjekte-zur-miete\/\"]}]},{\"@type\":\"BreadcrumbList\",\"@id\":\"https:\/\/gl-realestate.hr\/de\/ferienobjekte-zur-miete\/#breadcrumb\",\"itemListElement\":[{\"@type\":\"ListItem\",\"position\":1,\"name\":\"Po\\u010detna stranica\",\"item\":\"https:\/\/gl-realestate.hr\/de\/\"},{\"@type\":\"ListItem\",\"position\":2,\"name\":\"Ferienobjekte zur Miete\"}]}]}<\/script>\n<!-- \/ Yoast SEO plugin. -->","_links":{"self":[{"href":"https:\/\/gl-realestate.hr\/de\/wp-json\/wp\/v2\/pages\/4460","targetHints":{"allow":["GET"]}}],"collection":[{"href":"https:\/\/gl-realestate.hr\/de\/wp-json\/wp\/v2\/pages"}],"about":[{"href":"https:\/\/gl-realestate.hr\/de\/wp-json\/wp\/v2\/types\/page"}],"author":[{"embeddable":true,"href":"https:\/\/gl-realestate.hr\/de\/wp-json\/wp\/v2\/users\/1"}],"replies":[{"embeddable":true,"href":"https:\/\/gl-realestate.hr\/de\/wp-json\/wp\/v2\/comments?post=4460"}],"version-history":[{"count":0,"href":"https:\/\/gl-realestate.hr\/de\/wp-json\/wp\/v2\/pages\/4460\/revisions"}],"wp:attachment":[{"href":"https:\/\/gl-realestate.hr\/de\/wp-json\/wp\/v2\/media?parent=4460"}],"curies":[{"name":"wp","href":"https:\/\/api.w.org\/{rel}","templated":true}]}}