{"id":4464,"date":"2020-12-02T17:58:54","date_gmt":"2020-12-02T16:58:54","guid":{"rendered":"https:\/\/gl-realestate.hr\/kundendienst\/"},"modified":"2021-05-11T16:55:33","modified_gmt":"2021-05-11T14:55:33","slug":"kundendienst","status":"publish","type":"page","link":"https:\/\/gl-realestate.hr\/de\/kundendienst\/","title":{"rendered":"Kundendienst"},"content":{"rendered":"\t\t<div data-elementor-type=\"wp-page\" data-elementor-id=\"4464\" class=\"elementor elementor-4464 elementor-3544\">\n\t\t\t\t\t\t<div class=\"elementor-inner\">\n\t\t\t\t<div class=\"elementor-section-wrap\">\n\t\t\t\t\t\t\t\t\t<section class=\"elementor-section elementor-top-section elementor-element elementor-element-d928b27 elementor-section-boxed elementor-section-height-default elementor-section-height-default\" data-id=\"d928b27\" data-element_type=\"section\">\n\t\t\t\t\t\t<div class=\"elementor-container elementor-column-gap-default\">\n\t\t\t\t\t\t\t<div class=\"elementor-row\">\n\t\t\t\t\t<div class=\"elementor-column elementor-col-100 elementor-top-column elementor-element elementor-element-ab14af1\" data-id=\"ab14af1\" data-element_type=\"column\">\n\t\t\t<div class=\"elementor-column-wrap elementor-element-populated\">\n\t\t\t\t\t\t\t<div class=\"elementor-widget-wrap\">\n\t\t\t\t\t\t<div class=\"elementor-element elementor-element-e45b7f9 elementor-widget elementor-widget-text-editor\" data-id=\"e45b7f9\" data-element_type=\"widget\" data-widget_type=\"text-editor.default\">\n\t\t\t\t<div class=\"elementor-widget-container\">\n\t\t\t\t\t\t\t\t<div class=\"elementor-text-editor elementor-clearfix\">\n\t\t\t\t<h4>F\u00fcr Immobilienbesitzer, dh Verk\u00e4ufer, f\u00fchrt GL Real Estate Folgendes aus:<\/h4>\n\t\t\t\t\t<\/div>\n\t\t\t\t\t\t<\/div>\n\t\t\t\t<\/div>\n\t\t\t\t\t\t<\/div>\n\t\t\t\t\t<\/div>\n\t\t<\/div>\n\t\t\t\t\t\t\t\t<\/div>\n\t\t\t\t\t<\/div>\n\t\t<\/section>\n\t\t\t\t<section class=\"elementor-section elementor-top-section elementor-element elementor-element-5efa5ba1 elementor-section-boxed elementor-section-height-default elementor-section-height-default\" data-id=\"5efa5ba1\" data-element_type=\"section\">\n\t\t\t\t\t\t<div class=\"elementor-container elementor-column-gap-default\">\n\t\t\t\t\t\t\t<div class=\"elementor-row\">\n\t\t\t\t\t<div class=\"elementor-column elementor-col-100 elementor-top-column elementor-element elementor-element-7149e4f8\" data-id=\"7149e4f8\" data-element_type=\"column\">\n\t\t\t<div class=\"elementor-column-wrap elementor-element-populated\">\n\t\t\t\t\t\t\t<div class=\"elementor-widget-wrap\">\n\t\t\t\t\t\t<div class=\"elementor-element elementor-element-7795bc65 elementor-widget elementor-widget-text-editor\" data-id=\"7795bc65\" data-element_type=\"widget\" data-widget_type=\"text-editor.default\">\n\t\t\t\t<div class=\"elementor-widget-container\">\n\t\t\t\t\t\t\t\t<div class=\"elementor-text-editor elementor-clearfix\">\n\t\t\t\t<p><\/p>\n<ul>\n<li>Begutachtung und Fotografieren der Immobilie<\/li>\n<li>Produktion von Videomaterial, Drohnenaufnahme<\/li>\n<li>Immobilienbewertung, dh Meinung zum Marktwert von Immobilien<\/li>\n<li>Den Verk\u00e4ufer mit allen gesetzlichen Verpflichtungen vertraut<\/li>\n<li>Wir f\u00fchren die Kontrolle der Dokumentation durch. Bei M\u00e4ngeln warnen wir den Verk\u00e4ufer und beraten Sie, wie die Dokumentation der Immobilie zu bearbeiten ist<\/li>\n<li>Pr\u00e4sentation von Immobilien auf der Website der Agentur sowie auf Portalen in Kroatien und im Ausland<\/li>\n<li>Wir versuchen so schnell wie m\u00f6glich einen K\u00e4ufer f\u00fcr die Immobilie zu finden<\/li>\n<\/ul>\n<p><\/p>\n\t\t\t\t\t<\/div>\n\t\t\t\t\t\t<\/div>\n\t\t\t\t<\/div>\n\t\t\t\t\t\t<\/div>\n\t\t\t\t\t<\/div>\n\t\t<\/div>\n\t\t\t\t\t\t\t\t<\/div>\n\t\t\t\t\t<\/div>\n\t\t<\/section>\n\t\t\t\t<section class=\"elementor-section elementor-top-section elementor-element elementor-element-47ef7e0 elementor-section-boxed elementor-section-height-default elementor-section-height-default\" data-id=\"47ef7e0\" data-element_type=\"section\">\n\t\t\t\t\t\t<div class=\"elementor-container elementor-column-gap-default\">\n\t\t\t\t\t\t\t<div class=\"elementor-row\">\n\t\t\t\t\t<div class=\"elementor-column elementor-col-100 elementor-top-column elementor-element elementor-element-25110a0\" data-id=\"25110a0\" data-element_type=\"column\">\n\t\t\t<div class=\"elementor-column-wrap elementor-element-populated\">\n\t\t\t\t\t\t\t<div class=\"elementor-widget-wrap\">\n\t\t\t\t\t\t<div class=\"elementor-element elementor-element-2df96c0 elementor-widget-divider--view-line elementor-widget elementor-widget-divider\" data-id=\"2df96c0\" data-element_type=\"widget\" data-widget_type=\"divider.default\">\n\t\t\t\t<div class=\"elementor-widget-container\">\n\t\t\t\t\t<div class=\"elementor-divider\">\n\t\t\t<span class=\"elementor-divider-separator\">\n\t\t\t\t\t\t<\/span>\n\t\t<\/div>\n\t\t\t\t<\/div>\n\t\t\t\t<\/div>\n\t\t\t\t<div class=\"elementor-element elementor-element-d23ebc7 elementor-widget elementor-widget-text-editor\" data-id=\"d23ebc7\" data-element_type=\"widget\" data-widget_type=\"text-editor.default\">\n\t\t\t\t<div class=\"elementor-widget-container\">\n\t\t\t\t\t\t\t\t<div class=\"elementor-text-editor elementor-clearfix\">\n\t\t\t\t<h4 data-pm-slice=\"1 1 []\">F\u00fcr Kunden, die nach Immobilien suchen, dh K\u00e4ufer, f\u00fchrt GL Real Estate Folgendes aus:<\/h4>\n\t\t\t\t\t<\/div>\n\t\t\t\t\t\t<\/div>\n\t\t\t\t<\/div>\n\t\t\t\t\t\t<\/div>\n\t\t\t\t\t<\/div>\n\t\t<\/div>\n\t\t\t\t\t\t\t\t<\/div>\n\t\t\t\t\t<\/div>\n\t\t<\/section>\n\t\t\t\t<section class=\"elementor-section elementor-top-section elementor-element elementor-element-c7a1cb4 elementor-section-boxed elementor-section-height-default elementor-section-height-default\" data-id=\"c7a1cb4\" data-element_type=\"section\">\n\t\t\t\t\t\t<div class=\"elementor-container elementor-column-gap-default\">\n\t\t\t\t\t\t\t<div class=\"elementor-row\">\n\t\t\t\t\t<div class=\"elementor-column elementor-col-100 elementor-top-column elementor-element elementor-element-3aaf028\" data-id=\"3aaf028\" data-element_type=\"column\">\n\t\t\t<div class=\"elementor-column-wrap elementor-element-populated\">\n\t\t\t\t\t\t\t<div class=\"elementor-widget-wrap\">\n\t\t\t\t\t\t<div class=\"elementor-element elementor-element-90b30ef elementor-widget elementor-widget-text-editor\" data-id=\"90b30ef\" data-element_type=\"widget\" data-widget_type=\"text-editor.default\">\n\t\t\t\t<div class=\"elementor-widget-container\">\n\t\t\t\t\t\t\t\t<div class=\"elementor-text-editor elementor-clearfix\">\n\t\t\t\t<ul>\n<li data-pm-slice=\"1 1 []\">Wir bieten eine Auswahl aller Arten von Immobilien auf der Website der Agentur und auf spezialisierten Portalen<\/li>\n<li>Wir finden Immobilien, die Ihren Anforderungen und Ihrem Budget entsprechen<\/li>\n<li>Wir pr\u00e4sentieren Immobilien in unserem B\u00fcro<\/li>\n<li>Wir organisieren Rundfahrten, Besichtigung Ihrer favorisiereten Immobilien<\/li>\n<li>Wir bringen Kunden vor Ort, um die Immobilie zu besichtigen<\/li>\n<li>Wir informieren Sie \u00fcber alle rechtlichen Verpflichtungen, die Sie als K\u00e4ufer von Immobilien habenv<\/li>\n<li>In Zusammenarbeit mit unseren Anw\u00e4lten bieten wir juristische Dienstleistungen und Sicherheit<\/li>\n<li>Wir bieten Landk\u00e4ufern die Dienste von Vermessungsingenieuren und Designern an und beteiligen uns an allen Prozessen bei der Vorbereitung sowie am Bau selbst<\/li>\n<\/ul>\n\t\t\t\t\t<\/div>\n\t\t\t\t\t\t<\/div>\n\t\t\t\t<\/div>\n\t\t\t\t\t\t<\/div>\n\t\t\t\t\t<\/div>\n\t\t<\/div>\n\t\t\t\t\t\t\t\t<\/div>\n\t\t\t\t\t<\/div>\n\t\t<\/section>\n\t\t\t\t<section class=\"elementor-section elementor-top-section elementor-element elementor-element-6b0f589 elementor-section-boxed elementor-section-height-default elementor-section-height-default\" data-id=\"6b0f589\" data-element_type=\"section\">\n\t\t\t\t\t\t<div class=\"elementor-container elementor-column-gap-default\">\n\t\t\t\t\t\t\t<div class=\"elementor-row\">\n\t\t\t\t\t<div class=\"elementor-column elementor-col-100 elementor-top-column elementor-element elementor-element-7d4d2ed\" data-id=\"7d4d2ed\" data-element_type=\"column\">\n\t\t\t<div class=\"elementor-column-wrap elementor-element-populated\">\n\t\t\t\t\t\t\t<div class=\"elementor-widget-wrap\">\n\t\t\t\t\t\t<div class=\"elementor-element elementor-element-c083c99 elementor-widget elementor-widget-spacer\" data-id=\"c083c99\" data-element_type=\"widget\" data-widget_type=\"spacer.default\">\n\t\t\t\t<div class=\"elementor-widget-container\">\n\t\t\t\t\t<div class=\"elementor-spacer\">\n\t\t\t<div class=\"elementor-spacer-inner\"><\/div>\n\t\t<\/div>\n\t\t\t\t<\/div>\n\t\t\t\t<\/div>\n\t\t\t\t\t\t<\/div>\n\t\t\t\t\t<\/div>\n\t\t<\/div>\n\t\t\t\t\t\t\t\t<\/div>\n\t\t\t\t\t<\/div>\n\t\t<\/section>\n\t\t\t\t<section class=\"elementor-section elementor-top-section elementor-element elementor-element-de9cfa7 elementor-section-stretched elementor-section-content-middle elementor-section-boxed elementor-section-height-default elementor-section-height-default\" data-id=\"de9cfa7\" data-element_type=\"section\" data-settings=\"{&quot;stretch_section&quot;:&quot;section-stretched&quot;,&quot;background_background&quot;:&quot;classic&quot;}\">\n\t\t\t\t\t\t<div class=\"elementor-container elementor-column-gap-extended\">\n\t\t\t\t\t\t\t<div class=\"elementor-row\">\n\t\t\t\t\t<div class=\"elementor-column elementor-col-50 elementor-top-column elementor-element elementor-element-6ab4504\" data-id=\"6ab4504\" data-element_type=\"column\">\n\t\t\t<div class=\"elementor-column-wrap elementor-element-populated\">\n\t\t\t\t\t\t\t<div class=\"elementor-widget-wrap\">\n\t\t\t\t\t\t<div class=\"elementor-element elementor-element-4b34548 elementor-widget elementor-widget-heading\" data-id=\"4b34548\" data-element_type=\"widget\" data-widget_type=\"heading.default\">\n\t\t\t\t<div class=\"elementor-widget-container\">\n\t\t\t<h2 class=\"elementor-heading-title elementor-size-default\">Sie haben beschlossen, mit uns zusammenzuarbeiten?<\/h2>\t\t<\/div>\n\t\t\t\t<\/div>\n\t\t\t\t<div class=\"elementor-element elementor-element-019d774 elementor-widget elementor-widget-heading\" data-id=\"019d774\" data-element_type=\"widget\" data-widget_type=\"heading.default\">\n\t\t\t\t<div class=\"elementor-widget-container\">\n\t\t\t<div class=\"elementor-heading-title elementor-size-default\">Grossartig. Senden Sie uns Informationen zu Ihrer Immobilie und unsere Vertreter werden sich so schnell wie m\u00f6glich mit Ihnen in Verbindung setzen<\/div>\t\t<\/div>\n\t\t\t\t<\/div>\n\t\t\t\t\t\t<\/div>\n\t\t\t\t\t<\/div>\n\t\t<\/div>\n\t\t\t\t<div class=\"elementor-column elementor-col-50 elementor-top-column elementor-element elementor-element-6fb4e1f\" data-id=\"6fb4e1f\" data-element_type=\"column\">\n\t\t\t<div class=\"elementor-column-wrap elementor-element-populated\">\n\t\t\t\t\t\t\t<div class=\"elementor-widget-wrap\">\n\t\t\t\t\t\t<div class=\"elementor-element elementor-element-0618b1d elementor-align-right elementor-mobile-align-left elementor-widget elementor-widget-button\" data-id=\"0618b1d\" data-element_type=\"widget\" data-widget_type=\"button.default\">\n\t\t\t\t<div class=\"elementor-widget-container\">\n\t\t\t\t\t<div class=\"elementor-button-wrapper\">\n\t\t\t<a href=\"https:\/\/gl-realestate.hr\/de\/eigenschaft-einreichen\/\" class=\"elementor-button-link elementor-button elementor-size-md\" role=\"button\">\n\t\t\t\t\t\t<span class=\"elementor-button-content-wrapper\">\n\t\t\t\t\t\t<span class=\"elementor-button-text\">Kontakt<\/span>\n\t\t<\/span>\n\t\t\t\t\t<\/a>\n\t\t<\/div>\n\t\t\t\t<\/div>\n\t\t\t\t<\/div>\n\t\t\t\t\t\t<\/div>\n\t\t\t\t\t<\/div>\n\t\t<\/div>\n\t\t\t\t\t\t\t\t<\/div>\n\t\t\t\t\t<\/div>\n\t\t<\/section>\n\t\t\t\t\t\t\t\t\t<\/div>\n\t\t\t<\/div>\n\t\t\t\t\t<\/div>\n\t\t","protected":false},"excerpt":{"rendered":"<p>F\u00fcr Immobilienbesitzer, dh Verk\u00e4ufer, f\u00fchrt GL Real Estate Folgendes aus: Begutachtung und Fotografieren der Immobilie Produktion von Videomaterial, Drohnenaufnahme Immobilienbewertung, dh Meinung zum Marktwert von Immobilien Den Verk\u00e4ufer mit allen gesetzlichen Verpflichtungen vertraut Wir f\u00fchren die Kontrolle der Dokumentation durch. Bei M\u00e4ngeln warnen wir den Verk\u00e4ufer und beraten Sie, wie die Dokumentation der Immobilie zu [&hellip;]<\/p>\n","protected":false},"author":1,"featured_media":0,"parent":0,"menu_order":0,"comment_status":"closed","ping_status":"closed","template":"","meta":{"footnotes":""},"class_list":["post-4464","page","type-page","status-publish","hentry"],"yoast_head":"<!-- This site is optimized with the Yoast SEO plugin v16.6.1 - https:\/\/yoast.com\/wordpress\/plugins\/seo\/ -->\n<title>Kundendienst - GL Realestate<\/title>\n<meta name=\"robots\" content=\"index, follow, max-snippet:-1, max-image-preview:large, max-video-preview:-1\" \/>\n<link rel=\"canonical\" href=\"https:\/\/gl-realestate.hr\/de\/kundendienst\/\" \/>\n<meta property=\"og:locale\" content=\"de_DE\" \/>\n<meta property=\"og:type\" content=\"article\" \/>\n<meta property=\"og:title\" content=\"Kundendienst - GL Realestate\" \/>\n<meta property=\"og:description\" content=\"F\u00fcr Immobilienbesitzer, dh Verk\u00e4ufer, f\u00fchrt GL Real Estate Folgendes aus: Begutachtung und Fotografieren der Immobilie Produktion von Videomaterial, Drohnenaufnahme Immobilienbewertung, dh Meinung zum Marktwert von Immobilien Den Verk\u00e4ufer mit allen gesetzlichen Verpflichtungen vertraut Wir f\u00fchren die Kontrolle der Dokumentation durch. Bei M\u00e4ngeln warnen wir den Verk\u00e4ufer und beraten Sie, wie die Dokumentation der Immobilie zu [&hellip;]\" \/>\n<meta property=\"og:url\" content=\"https:\/\/gl-realestate.hr\/de\/kundendienst\/\" \/>\n<meta property=\"og:site_name\" content=\"GL Realestate\" \/>\n<meta property=\"article:modified_time\" content=\"2021-05-11T14:55:33+00:00\" \/>\n<meta name=\"twitter:card\" content=\"summary_large_image\" \/>\n<meta name=\"twitter:label1\" content=\"Gesch\u00e4tzte Lesezeit\" \/>\n\t<meta name=\"twitter:data1\" content=\"1\u00a0Minute\" \/>\n<script type=\"application\/ld+json\" class=\"yoast-schema-graph\">{\"@context\":\"https:\/\/schema.org\",\"@graph\":[{\"@type\":\"WebSite\",\"@id\":\"https:\/\/gl-realestate.hr\/#website\",\"url\":\"https:\/\/gl-realestate.hr\/\",\"name\":\"GL Realestate\",\"description\":\"\",\"potentialAction\":[{\"@type\":\"SearchAction\",\"target\":{\"@type\":\"EntryPoint\",\"urlTemplate\":\"https:\/\/gl-realestate.hr\/?s={search_term_string}\"},\"query-input\":\"required name=search_term_string\"}],\"inLanguage\":\"de\"},{\"@type\":\"WebPage\",\"@id\":\"https:\/\/gl-realestate.hr\/de\/kundendienst\/#webpage\",\"url\":\"https:\/\/gl-realestate.hr\/de\/kundendienst\/\",\"name\":\"Kundendienst - GL Realestate\",\"isPartOf\":{\"@id\":\"https:\/\/gl-realestate.hr\/#website\"},\"datePublished\":\"2020-12-02T16:58:54+00:00\",\"dateModified\":\"2021-05-11T14:55:33+00:00\",\"breadcrumb\":{\"@id\":\"https:\/\/gl-realestate.hr\/de\/kundendienst\/#breadcrumb\"},\"inLanguage\":\"de\",\"potentialAction\":[{\"@type\":\"ReadAction\",\"target\":[\"https:\/\/gl-realestate.hr\/de\/kundendienst\/\"]}]},{\"@type\":\"BreadcrumbList\",\"@id\":\"https:\/\/gl-realestate.hr\/de\/kundendienst\/#breadcrumb\",\"itemListElement\":[{\"@type\":\"ListItem\",\"position\":1,\"name\":\"Po\\u010detna stranica\",\"item\":\"https:\/\/gl-realestate.hr\/de\/\"},{\"@type\":\"ListItem\",\"position\":2,\"name\":\"Kundendienst\"}]}]}<\/script>\n<!-- \/ Yoast SEO plugin. -->","_links":{"self":[{"href":"https:\/\/gl-realestate.hr\/de\/wp-json\/wp\/v2\/pages\/4464","targetHints":{"allow":["GET"]}}],"collection":[{"href":"https:\/\/gl-realestate.hr\/de\/wp-json\/wp\/v2\/pages"}],"about":[{"href":"https:\/\/gl-realestate.hr\/de\/wp-json\/wp\/v2\/types\/page"}],"author":[{"embeddable":true,"href":"https:\/\/gl-realestate.hr\/de\/wp-json\/wp\/v2\/users\/1"}],"replies":[{"embeddable":true,"href":"https:\/\/gl-realestate.hr\/de\/wp-json\/wp\/v2\/comments?post=4464"}],"version-history":[{"count":0,"href":"https:\/\/gl-realestate.hr\/de\/wp-json\/wp\/v2\/pages\/4464\/revisions"}],"wp:attachment":[{"href":"https:\/\/gl-realestate.hr\/de\/wp-json\/wp\/v2\/media?parent=4464"}],"curies":[{"name":"wp","href":"https:\/\/api.w.org\/{rel}","templated":true}]}}