{"id":4468,"date":"2020-12-02T18:06:44","date_gmt":"2020-12-02T17:06:44","guid":{"rendered":"https:\/\/gl-realestate.hr\/eigenschaft-einreichen\/"},"modified":"2021-05-19T12:13:21","modified_gmt":"2021-05-19T10:13:21","slug":"eigenschaft-einreichen","status":"publish","type":"page","link":"https:\/\/gl-realestate.hr\/de\/eigenschaft-einreichen\/","title":{"rendered":"Objekt  einreichen"},"content":{"rendered":"\n<div class=\"wp-block-contact-form-7-contact-form-selector\"><div role=\"form\" class=\"wpcf7\" id=\"wpcf7-f4493-o1\" lang=\"de-DE\" dir=\"ltr\">\n<div class=\"screen-reader-response\"><p role=\"status\" aria-live=\"polite\" aria-atomic=\"true\"><\/p> <ul><\/ul><\/div>\n<form action=\"\/de\/wp-json\/wp\/v2\/pages\/4468#wpcf7-f4493-o1\" method=\"post\" class=\"wpcf7-form init\" novalidate=\"novalidate\" data-status=\"init\">\n<div style=\"display: none;\">\n<input type=\"hidden\" name=\"_wpcf7\" value=\"4493\" \/>\n<input type=\"hidden\" name=\"_wpcf7_version\" value=\"5.4.1\" \/>\n<input type=\"hidden\" name=\"_wpcf7_locale\" value=\"de_DE\" \/>\n<input type=\"hidden\" name=\"_wpcf7_unit_tag\" value=\"wpcf7-f4493-o1\" \/>\n<input type=\"hidden\" name=\"_wpcf7_container_post\" value=\"0\" \/>\n<input type=\"hidden\" name=\"_wpcf7_posted_data_hash\" value=\"\" \/>\n<input type=\"hidden\" name=\"_wpcf7_recaptcha_response\" value=\"\" \/>\n<\/div>\n<div class=\"unos-nekretnina contact-us\">\n<div class=\"row\">\n<div class=\"col-xs-12 col-sm-6\"><label>W\u00e4hlen Sie den Zweck des Objekts<\/label><br> <span class=\"wpcf7-form-control-wrap namjena-objekta\"><span class=\"wpcf7-form-control wpcf7-radio\"><span class=\"wpcf7-list-item first\"><label><input type=\"radio\" name=\"namjena-objekta\" value=\"Zu vermieten\" checked=\"checked\" \/><span class=\"wpcf7-list-item-label\">Zu vermieten<\/span><\/label><\/span><span class=\"wpcf7-list-item\"><label><input type=\"radio\" name=\"namjena-objekta\" value=\"Zu verkaufen\" \/><span class=\"wpcf7-list-item-label\">Zu verkaufen<\/span><\/label><\/span><span class=\"wpcf7-list-item last\"><label><input type=\"radio\" name=\"namjena-objekta\" value=\"Zu langzeitmiete\" \/><span class=\"wpcf7-list-item-label\">Zu langzeitmiete<\/span><\/label><\/span><\/span><\/span><\/div>\n<div class=\"col-xs-12 col-sm-6\"><label>Name des Anwesens<\/label> <span class=\"wpcf7-form-control-wrap naziv-nekretnine\"><input type=\"text\" name=\"naziv-nekretnine\" value=\"\" size=\"40\" class=\"wpcf7-form-control wpcf7-text wpcf7-validates-as-required form-control\" aria-required=\"true\" aria-invalid=\"false\" placeholder=\"Name\" \/><\/span><\/div>\n<\/div>\n<div class=\"row\">\n<div class=\"col-xs-12 col-sm-6\"><label>Immobilienadresse<\/label> <span class=\"wpcf7-form-control-wrap adresa-nekretnine\"><input type=\"text\" name=\"adresa-nekretnine\" value=\"\" size=\"40\" class=\"wpcf7-form-control wpcf7-text wpcf7-validates-as-required form-control\" aria-required=\"true\" aria-invalid=\"false\" placeholder=\"Immobilienadresse\" \/><\/span><\/div>\n<div class=\"col-xs-12 col-sm-6\"><label>Immobilienpreis (\u20ac)<\/label> <span class=\"wpcf7-form-control-wrap cijena-nekretnine\"><input type=\"text\" name=\"cijena-nekretnine\" value=\"\" size=\"40\" class=\"wpcf7-form-control wpcf7-text form-control\" aria-invalid=\"false\" placeholder=\"Immobilienpreis\" \/><\/span><\/div>\n<\/div>\n<div class=\"row\">\n<div class=\"col-xs-12 col-sm-12\"><label>Objektbeschreibung<\/label> <span class=\"wpcf7-form-control-wrap opis-nekretnine\"><textarea name=\"opis-nekretnine\" cols=\"40\" rows=\"10\" class=\"wpcf7-form-control wpcf7-textarea form-control\" aria-invalid=\"false\" placeholder=\"Objektbeschreibung\"><\/textarea><\/span><\/div>\n<\/div>\n<div class=\"row\">\n<div class=\"col-xs-12 col-sm-12\"><label>Art des Verm\u00f6gens<\/label><br> <span class=\"wpcf7-form-control-wrap vrsta-nekretnine\"><span class=\"wpcf7-form-control wpcf7-radio\"><span class=\"wpcf7-list-item first\"><label><input type=\"radio\" name=\"vrsta-nekretnine\" value=\"Haus\" checked=\"checked\" \/><span class=\"wpcf7-list-item-label\">Haus<\/span><\/label><\/span><span class=\"wpcf7-list-item\"><label><input type=\"radio\" name=\"vrsta-nekretnine\" value=\"Wohnung\" \/><span class=\"wpcf7-list-item-label\">Wohnung<\/span><\/label><\/span><span class=\"wpcf7-list-item\"><label><input type=\"radio\" name=\"vrsta-nekretnine\" value=\"Apartment\" \/><span class=\"wpcf7-list-item-label\">Apartment<\/span><\/label><\/span><span class=\"wpcf7-list-item\"><label><input type=\"radio\" name=\"vrsta-nekretnine\" value=\"Studio\" \/><span class=\"wpcf7-list-item-label\">Studio<\/span><\/label><\/span><span class=\"wpcf7-list-item\"><label><input type=\"radio\" name=\"vrsta-nekretnine\" value=\"Villa\" \/><span class=\"wpcf7-list-item-label\">Villa<\/span><\/label><\/span><span class=\"wpcf7-list-item\"><label><input type=\"radio\" name=\"vrsta-nekretnine\" value=\"Penthouse\" \/><span class=\"wpcf7-list-item-label\">Penthouse<\/span><\/label><\/span><span class=\"wpcf7-list-item\"><label><input type=\"radio\" name=\"vrsta-nekretnine\" value=\"Land\" \/><span class=\"wpcf7-list-item-label\">Land<\/span><\/label><\/span><span class=\"wpcf7-list-item last\"><label><input type=\"radio\" name=\"vrsta-nekretnine\" value=\"Etwas anderes\" \/><span class=\"wpcf7-list-item-label\">Etwas anderes<\/span><\/label><\/span><\/span><\/span><\/div>\n<\/div>\n<hr>\n<div class=\"row\">\n<div class=\"col-xs-12 col-sm-6\"><label>Gesamtfl\u00e4che m2<\/label> <span class=\"wpcf7-form-control-wrap povrsina-posjeda\"><input type=\"text\" name=\"povrsina-posjeda\" value=\"\" size=\"40\" class=\"wpcf7-form-control wpcf7-text form-control\" aria-invalid=\"false\" placeholder=\"Grundst\u00fccksfl\u00e4che\" \/><\/span><\/div>\n<div class=\"col-xs-12 col-sm-6\"><label>Wohnbereich m2<\/label> <span class=\"wpcf7-form-control-wrap povrsina-posjeda-stambeni\"><input type=\"text\" name=\"povrsina-posjeda-stambeni\" value=\"\" size=\"40\" class=\"wpcf7-form-control wpcf7-text form-control\" aria-invalid=\"false\" placeholder=\"Wohnbereich\" \/><\/span><\/div>\n<\/div>\n<div class=\"row\">\n<div class=\"col-xs-12 col-sm-4\"><label>Baujahr<\/label> <span class=\"wpcf7-form-control-wrap godina-gradnje\"><input type=\"text\" name=\"godina-gradnje\" value=\"\" size=\"40\" class=\"wpcf7-form-control wpcf7-text form-control\" aria-invalid=\"false\" placeholder=\"2010\" \/><\/span><\/div>\n<div class=\"col-xs-12 col-sm-4\"><label>Materialien<\/label> <span class=\"wpcf7-form-control-wrap materijal-gradnje\"><input type=\"text\" name=\"materijal-gradnje\" value=\"\" size=\"40\" class=\"wpcf7-form-control wpcf7-text form-control\" aria-invalid=\"false\" placeholder=\"Materialien\" \/><\/span><\/div>\n<div class=\"col-xs-12 col-sm-4\"><label>Fu\u00dfboden<\/label> <span class=\"wpcf7-form-control-wrap kat\"><input type=\"text\" name=\"kat\" value=\"\" size=\"40\" class=\"wpcf7-form-control wpcf7-text form-control\" aria-invalid=\"false\" placeholder=\"Fu\u00dfboden\" \/><\/span><\/div>\n<\/div>\n<div class=\"row\">\n<div class=\"col-xs-12 col-sm-4\"><label>Anzahl der Etagen<\/label> <span class=\"wpcf7-form-control-wrap broj-etaza\"><input type=\"text\" name=\"broj-etaza\" value=\"\" size=\"40\" class=\"wpcf7-form-control wpcf7-text form-control\" aria-invalid=\"false\" placeholder=\"Etagen\" \/><\/span><\/div>\n<div class=\"col-xs-12 col-sm-4\"><label>Energieklasse<\/label> <span class=\"wpcf7-form-control-wrap energetski-razred\"><input type=\"text\" name=\"energetski-razred\" value=\"\" size=\"40\" class=\"wpcf7-form-control wpcf7-text form-control\" aria-invalid=\"false\" placeholder=\"Energieklasse\" \/><\/span><\/div>\n<div class=\"col-xs-12 col-sm-4\"><label>Anzahl der R\u00e4ume<\/label> <span class=\"wpcf7-form-control-wrap broj-soba\"><input type=\"text\" name=\"broj-soba\" value=\"\" size=\"40\" class=\"wpcf7-form-control wpcf7-text form-control\" aria-invalid=\"false\" placeholder=\"R\u00e4ume\" \/><\/span><\/div>\n<\/div>\n<div class=\"row\">\n<div class=\"col-xs-12 col-sm-4\"><label>Anzahl der Betten<\/label> <span class=\"wpcf7-form-control-wrap broj-kreveta\"><input type=\"text\" name=\"broj-kreveta\" value=\"\" size=\"40\" class=\"wpcf7-form-control wpcf7-text form-control\" aria-invalid=\"false\" placeholder=\"Betten\" \/><\/span><\/div>\n<div class=\"col-xs-12 col-sm-4\"><label>Anzahl der Badezimmer<\/label> <span class=\"wpcf7-form-control-wrap broj-kupatila\"><input type=\"text\" name=\"broj-kupatila\" value=\"\" size=\"40\" class=\"wpcf7-form-control wpcf7-text form-control\" aria-invalid=\"false\" placeholder=\"Badezimmer\" \/><\/span><\/div>\n<div class=\"col-xs-12 col-sm-4\"><label>Anzahl der Toiletten<\/label> <span class=\"wpcf7-form-control-wrap broj-wca\"><input type=\"text\" name=\"broj-wca\" value=\"\" size=\"40\" class=\"wpcf7-form-control wpcf7-text form-control\" aria-invalid=\"false\" placeholder=\"Toiletten\" \/><\/span><\/div>\n<\/div>\n<hr>\n<div class=\"row\">\n<div class=\"col-xs-12 col-sm-3\"><label>Garagen<\/label><br> <span class=\"wpcf7-form-control-wrap garaza\"><span class=\"wpcf7-form-control wpcf7-radio\"><span class=\"wpcf7-list-item first\"><label><input type=\"radio\" name=\"garaza\" value=\"Ja\" checked=\"checked\" \/><span class=\"wpcf7-list-item-label\">Ja<\/span><\/label><\/span><span class=\"wpcf7-list-item last\"><label><input type=\"radio\" name=\"garaza\" value=\"Nicht\" \/><span class=\"wpcf7-list-item-label\">Nicht<\/span><\/label><\/span><\/span><\/span><\/div>\n<div class=\"col-xs-12 col-sm-3\"><label>F\u00fcr Fahrzeugnummer<\/label> <span class=\"wpcf7-form-control-wrap za-broj-vozila-g\"><input type=\"text\" name=\"za-broj-vozila-g\" value=\"\" size=\"40\" class=\"wpcf7-form-control wpcf7-text form-control\" aria-invalid=\"false\" placeholder=\"1\" \/><\/span><\/div>\n<div class=\"col-xs-12 col-sm-3\"><label>Parkplatz<\/label><br> <span class=\"wpcf7-form-control-wrap parkirno-mjesto\"><span class=\"wpcf7-form-control wpcf7-radio\"><span class=\"wpcf7-list-item first\"><label><input type=\"radio\" name=\"parkirno-mjesto\" value=\"Ja\" checked=\"checked\" \/><span class=\"wpcf7-list-item-label\">Ja<\/span><\/label><\/span><span class=\"wpcf7-list-item last\"><label><input type=\"radio\" name=\"parkirno-mjesto\" value=\"Nicht\" \/><span class=\"wpcf7-list-item-label\">Nicht<\/span><\/label><\/span><\/span><\/span><\/div>\n<div class=\"col-xs-12 col-sm-3\"><label>F\u00fcr Fahrzeugnummer<\/label> <span class=\"wpcf7-form-control-wrap za-broj-vozila-p\"><input type=\"text\" name=\"za-broj-vozila-p\" value=\"\" size=\"40\" class=\"wpcf7-form-control wpcf7-text form-control\" aria-invalid=\"false\" placeholder=\"1\" \/><\/span><\/div>\n<\/div>\n<hr>\n<div class=\"row\">\n<div class=\"col-xs-12 col-sm-12\"><label>Anlagen<\/label><br> <span class=\"wpcf7-form-control-wrap sadrzaji\"><span class=\"wpcf7-form-control wpcf7-checkbox\"><span class=\"wpcf7-list-item first\"><label><input type=\"checkbox\" name=\"sadrzaji[]\" value=\"Sicherheitst\u00fcr\" \/><span class=\"wpcf7-list-item-label\">Sicherheitst\u00fcr<\/span><\/label><\/span><span class=\"wpcf7-list-item\"><label><input type=\"checkbox\" name=\"sadrzaji[]\" value=\"Sicherheitssystem\" \/><span class=\"wpcf7-list-item-label\">Sicherheitssystem<\/span><\/label><\/span><span class=\"wpcf7-list-item\"><label><input type=\"checkbox\" name=\"sadrzaji[]\" value=\"Rauchmelder\" \/><span class=\"wpcf7-list-item-label\">Rauchmelder<\/span><\/label><\/span><span class=\"wpcf7-list-item\"><label><input type=\"checkbox\" name=\"sadrzaji[]\" value=\"Video-Gegensprechanlage\" \/><span class=\"wpcf7-list-item-label\">Video-Gegensprechanlage<\/span><\/label><\/span><span class=\"wpcf7-list-item\"><label><input type=\"checkbox\" name=\"sadrzaji[]\" value=\"Zentralheizung\" \/><span class=\"wpcf7-list-item-label\">Zentralheizung<\/span><\/label><\/span><span class=\"wpcf7-list-item\"><label><input type=\"checkbox\" name=\"sadrzaji[]\" value=\"Fu\u00dfbodenheizung\" \/><span class=\"wpcf7-list-item-label\">Fu\u00dfbodenheizung<\/span><\/label><\/span><span class=\"wpcf7-list-item\"><label><input type=\"checkbox\" name=\"sadrzaji[]\" value=\"Klimaanlage\" \/><span class=\"wpcf7-list-item-label\">Klimaanlage<\/span><\/label><\/span><span class=\"wpcf7-list-item\"><label><input type=\"checkbox\" name=\"sadrzaji[]\" value=\"Telefon\" \/><span class=\"wpcf7-list-item-label\">Telefon<\/span><\/label><\/span><span class=\"wpcf7-list-item\"><label><input type=\"checkbox\" name=\"sadrzaji[]\" value=\"Internet\" \/><span class=\"wpcf7-list-item-label\">Internet<\/span><\/label><\/span><span class=\"wpcf7-list-item\"><label><input type=\"checkbox\" name=\"sadrzaji[]\" value=\"W-lan\" \/><span class=\"wpcf7-list-item-label\">W-lan<\/span><\/label><\/span><span class=\"wpcf7-list-item\"><label><input type=\"checkbox\" name=\"sadrzaji[]\" value=\"Fernseher\" \/><span class=\"wpcf7-list-item-label\">Fernseher<\/span><\/label><\/span><span class=\"wpcf7-list-item\"><label><input type=\"checkbox\" name=\"sadrzaji[]\" value=\"Satellit \/ Kabel\" \/><span class=\"wpcf7-list-item-label\">Satellit \/ Kabel<\/span><\/label><\/span><span class=\"wpcf7-list-item\"><label><input type=\"checkbox\" name=\"sadrzaji[]\" value=\"Babybett\" \/><span class=\"wpcf7-list-item-label\">Babybett<\/span><\/label><\/span><span class=\"wpcf7-list-item\"><label><input type=\"checkbox\" name=\"sadrzaji[]\" value=\"Kinderspielplatz\" \/><span class=\"wpcf7-list-item-label\">Kinderspielplatz<\/span><\/label><\/span><span class=\"wpcf7-list-item\"><label><input type=\"checkbox\" name=\"sadrzaji[]\" value=\"Grill\" \/><span class=\"wpcf7-list-item-label\">Grill<\/span><\/label><\/span><span class=\"wpcf7-list-item\"><label><input type=\"checkbox\" name=\"sadrzaji[]\" value=\"Au\u00dfendusche\" \/><span class=\"wpcf7-list-item-label\">Au\u00dfendusche<\/span><\/label><\/span><span class=\"wpcf7-list-item\"><label><input type=\"checkbox\" name=\"sadrzaji[]\" value=\"Aussenpool\" \/><span class=\"wpcf7-list-item-label\">Aussenpool<\/span><\/label><\/span><span class=\"wpcf7-list-item\"><label><input type=\"checkbox\" name=\"sadrzaji[]\" value=\"Innenpool\" \/><span class=\"wpcf7-list-item-label\">Innenpool<\/span><\/label><\/span><span class=\"wpcf7-list-item\"><label><input type=\"checkbox\" name=\"sadrzaji[]\" value=\"Hydromassagebad\" \/><span class=\"wpcf7-list-item-label\">Hydromassagebad<\/span><\/label><\/span><span class=\"wpcf7-list-item\"><label><input type=\"checkbox\" name=\"sadrzaji[]\" value=\"Sauna\" \/><span class=\"wpcf7-list-item-label\">Sauna<\/span><\/label><\/span><span class=\"wpcf7-list-item\"><label><input type=\"checkbox\" name=\"sadrzaji[]\" value=\"Fitnessstudio\" \/><span class=\"wpcf7-list-item-label\">Fitnessstudio<\/span><\/label><\/span><span class=\"wpcf7-list-item\"><label><input type=\"checkbox\" name=\"sadrzaji[]\" value=\"Zentralstaubsauger\" \/><span class=\"wpcf7-list-item-label\">Zentralstaubsauger<\/span><\/label><\/span><span class=\"wpcf7-list-item\"><label><input type=\"checkbox\" name=\"sadrzaji[]\" value=\"Staubsauger\" \/><span class=\"wpcf7-list-item-label\">Staubsauger<\/span><\/label><\/span><span class=\"wpcf7-list-item\"><label><input type=\"checkbox\" name=\"sadrzaji[]\" value=\"Waschmaschine\" \/><span class=\"wpcf7-list-item-label\">Waschmaschine<\/span><\/label><\/span><span class=\"wpcf7-list-item\"><label><input type=\"checkbox\" name=\"sadrzaji[]\" value=\"W\u00e4schetrockner\" \/><span class=\"wpcf7-list-item-label\">W\u00e4schetrockner<\/span><\/label><\/span><span class=\"wpcf7-list-item\"><label><input type=\"checkbox\" name=\"sadrzaji[]\" value=\"Geschirrsp\u00fcler\" \/><span class=\"wpcf7-list-item-label\">Geschirrsp\u00fcler<\/span><\/label><\/span><span class=\"wpcf7-list-item\"><label><input type=\"checkbox\" name=\"sadrzaji[]\" value=\"K\u00fchlschrank\" \/><span class=\"wpcf7-list-item-label\">K\u00fchlschrank<\/span><\/label><\/span><span class=\"wpcf7-list-item\"><label><input type=\"checkbox\" name=\"sadrzaji[]\" value=\"Weink\u00fchler\" \/><span class=\"wpcf7-list-item-label\">Weink\u00fchler<\/span><\/label><\/span><span class=\"wpcf7-list-item\"><label><input type=\"checkbox\" name=\"sadrzaji[]\" value=\"Gefrierschrank\" \/><span class=\"wpcf7-list-item-label\">Gefrierschrank<\/span><\/label><\/span><span class=\"wpcf7-list-item\"><label><input type=\"checkbox\" name=\"sadrzaji[]\" value=\"Herd\" \/><span class=\"wpcf7-list-item-label\">Herd<\/span><\/label><\/span><span class=\"wpcf7-list-item\"><label><input type=\"checkbox\" name=\"sadrzaji[]\" value=\"Ofen\" \/><span class=\"wpcf7-list-item-label\">Ofen<\/span><\/label><\/span><span class=\"wpcf7-list-item\"><label><input type=\"checkbox\" name=\"sadrzaji[]\" value=\"Mikrowelle\" \/><span class=\"wpcf7-list-item-label\">Mikrowelle<\/span><\/label><\/span><span class=\"wpcf7-list-item\"><label><input type=\"checkbox\" name=\"sadrzaji[]\" value=\"Wasserkocher\" \/><span class=\"wpcf7-list-item-label\">Wasserkocher<\/span><\/label><\/span><span class=\"wpcf7-list-item\"><label><input type=\"checkbox\" name=\"sadrzaji[]\" value=\"Toaster\" \/><span class=\"wpcf7-list-item-label\">Toaster<\/span><\/label><\/span><span class=\"wpcf7-list-item\"><label><input type=\"checkbox\" name=\"sadrzaji[]\" value=\"Mixer\" \/><span class=\"wpcf7-list-item-label\">Mixer<\/span><\/label><\/span><span class=\"wpcf7-list-item\"><label><input type=\"checkbox\" name=\"sadrzaji[]\" value=\"B\u00fcgeleisen\" \/><span class=\"wpcf7-list-item-label\">B\u00fcgeleisen<\/span><\/label><\/span><span class=\"wpcf7-list-item last\"><label><input type=\"checkbox\" name=\"sadrzaji[]\" value=\"F\u00f6n\" \/><span class=\"wpcf7-list-item-label\">F\u00f6n<\/span><\/label><\/span><\/span><\/span><\/div>\n<\/div>\n<hr>\n<div class=\"row\">\n<div class=\"col-xs-12 col-sm-12\"><label>Zus\u00e4tzlich<\/label><br> <span class=\"wpcf7-form-control-wrap ostali-sadrzaji\"><span class=\"wpcf7-form-control wpcf7-checkbox\"><span class=\"wpcf7-list-item first\"><label><input type=\"checkbox\" name=\"ostali-sadrzaji[]\" value=\"Spielekonsole\" \/><span class=\"wpcf7-list-item-label\">Spielekonsole<\/span><\/label><\/span><span class=\"wpcf7-list-item\"><label><input type=\"checkbox\" name=\"ostali-sadrzaji[]\" value=\"Fahrrad\" \/><span class=\"wpcf7-list-item-label\">Fahrrad<\/span><\/label><\/span><span class=\"wpcf7-list-item\"><label><input type=\"checkbox\" name=\"ostali-sadrzaji[]\" value=\"Billiard-Tisch\" \/><span class=\"wpcf7-list-item-label\">Billiard-Tisch<\/span><\/label><\/span><span class=\"wpcf7-list-item\"><label><input type=\"checkbox\" name=\"ostali-sadrzaji[]\" value=\"Tischtennis\" \/><span class=\"wpcf7-list-item-label\">Tischtennis<\/span><\/label><\/span><span class=\"wpcf7-list-item\"><label><input type=\"checkbox\" name=\"ostali-sadrzaji[]\" value=\"Fussballplatz\" \/><span class=\"wpcf7-list-item-label\">Fussballplatz<\/span><\/label><\/span><span class=\"wpcf7-list-item\"><label><input type=\"checkbox\" name=\"ostali-sadrzaji[]\" value=\"Basketball Platz\" \/><span class=\"wpcf7-list-item-label\">Basketball Platz<\/span><\/label><\/span><span class=\"wpcf7-list-item\"><label><input type=\"checkbox\" name=\"ostali-sadrzaji[]\" value=\"Tennisplatz\" \/><span class=\"wpcf7-list-item-label\">Tennisplatz<\/span><\/label><\/span><span class=\"wpcf7-list-item\"><label><input type=\"checkbox\" name=\"ostali-sadrzaji[]\" value=\"SUP\" \/><span class=\"wpcf7-list-item-label\">SUP<\/span><\/label><\/span><span class=\"wpcf7-list-item\"><label><input type=\"checkbox\" name=\"ostali-sadrzaji[]\" value=\"Kajak\" \/><span class=\"wpcf7-list-item-label\">Kajak<\/span><\/label><\/span><span class=\"wpcf7-list-item last\"><label><input type=\"checkbox\" name=\"ostali-sadrzaji[]\" value=\"Badminton\" \/><span class=\"wpcf7-list-item-label\">Badminton<\/span><\/label><\/span><\/span><\/span><\/div>\n<\/div>\n<hr>\n<div class=\"row\">\n<div class=\"col-xs-12 col-sm-4\"><label>Ihr Name<\/label> <span class=\"wpcf7-form-control-wrap ime-i-prezime\"><input type=\"text\" name=\"ime-i-prezime\" value=\"\" size=\"40\" class=\"wpcf7-form-control wpcf7-text wpcf7-validates-as-required form-control\" aria-required=\"true\" aria-invalid=\"false\" placeholder=\"Name\" \/><\/span><\/div>\n<div class=\"col-xs-12 col-sm-4\"><label>Ihre Telefonverbindung\/mobile<\/label> <span class=\"wpcf7-form-control-wrap kontakt-telefon-mobitel\"><input type=\"text\" name=\"kontakt-telefon-mobitel\" value=\"\" size=\"40\" class=\"wpcf7-form-control wpcf7-text wpcf7-validates-as-required form-control\" aria-required=\"true\" aria-invalid=\"false\" placeholder=\"+385 95 1234567889\" \/><\/span><\/div>\n<div class=\"col-xs-12 col-sm-4\"><label>Ihre E-Mail<\/label> <span class=\"wpcf7-form-control-wrap kontakt-email\"><input type=\"email\" name=\"kontakt-email\" value=\"\" size=\"40\" class=\"wpcf7-form-control wpcf7-text wpcf7-email wpcf7-validates-as-required wpcf7-validates-as-email form-control\" aria-required=\"true\" aria-invalid=\"false\" placeholder=\"Email\" \/><\/span><\/div>\n<\/div>\n<div><span class=\"wpcf7-form-control-wrap\" data-name=\"upload-file-220\"><input type=\"file\" size=\"40\" class=\"wpcf7-form-control wpcf7-drag-n-drop-file d-none\" aria-invalid=\"false\" multiple=\"multiple\" data-name=\"upload-file-220\" data-id=\"4493\" data-version=\"free version 1.3.9.7\" accept=\".\" \/><\/span><\/div>\n<p>\t<span class=\"dnd-info-unos\">* Zul\u00e4ssige Bilderweiterungen: JPEG, JPG, PNG. Max. Bildgr\u00f6\u00dfe: 2 MB.<br \/>\n<\/span><\/p>\n<div class=\"clearfix\"><input type=\"submit\" value=\"Eine Anfrage senden\" class=\"wpcf7-form-control wpcf7-submit btn pull-right btn-theme btn-inverse border-2\" \/><\/div>\n<\/div>\n<div class=\"wpcf7-response-output\" aria-hidden=\"true\"><\/div><\/form><\/div><\/div>\n\n\n\n<p><\/p>\n","protected":false},"excerpt":{"rendered":"","protected":false},"author":1,"featured_media":0,"parent":0,"menu_order":0,"comment_status":"closed","ping_status":"closed","template":"","meta":{"footnotes":""},"class_list":["post-4468","page","type-page","status-publish","hentry"],"yoast_head":"<!-- This site is optimized with the Yoast SEO plugin v16.6.1 - https:\/\/yoast.com\/wordpress\/plugins\/seo\/ -->\n<title>Objekt einreichen - GL Realestate<\/title>\n<meta name=\"robots\" content=\"index, follow, max-snippet:-1, max-image-preview:large, max-video-preview:-1\" \/>\n<link rel=\"canonical\" href=\"https:\/\/gl-realestate.hr\/de\/eigenschaft-einreichen\/\" \/>\n<meta property=\"og:locale\" content=\"de_DE\" \/>\n<meta property=\"og:type\" content=\"article\" \/>\n<meta property=\"og:title\" content=\"Objekt einreichen - GL Realestate\" \/>\n<meta property=\"og:url\" content=\"https:\/\/gl-realestate.hr\/de\/eigenschaft-einreichen\/\" \/>\n<meta property=\"og:site_name\" content=\"GL Realestate\" \/>\n<meta property=\"article:modified_time\" content=\"2021-05-19T10:13:21+00:00\" \/>\n<meta name=\"twitter:card\" content=\"summary_large_image\" \/>\n<meta name=\"twitter:label1\" content=\"Gesch\u00e4tzte Lesezeit\" \/>\n\t<meta name=\"twitter:data1\" content=\"1\u00a0Minute\" \/>\n<script type=\"application\/ld+json\" class=\"yoast-schema-graph\">{\"@context\":\"https:\/\/schema.org\",\"@graph\":[{\"@type\":\"WebSite\",\"@id\":\"https:\/\/gl-realestate.hr\/#website\",\"url\":\"https:\/\/gl-realestate.hr\/\",\"name\":\"GL Realestate\",\"description\":\"\",\"potentialAction\":[{\"@type\":\"SearchAction\",\"target\":{\"@type\":\"EntryPoint\",\"urlTemplate\":\"https:\/\/gl-realestate.hr\/?s={search_term_string}\"},\"query-input\":\"required name=search_term_string\"}],\"inLanguage\":\"de\"},{\"@type\":\"WebPage\",\"@id\":\"https:\/\/gl-realestate.hr\/de\/eigenschaft-einreichen\/#webpage\",\"url\":\"https:\/\/gl-realestate.hr\/de\/eigenschaft-einreichen\/\",\"name\":\"Objekt einreichen - GL Realestate\",\"isPartOf\":{\"@id\":\"https:\/\/gl-realestate.hr\/#website\"},\"datePublished\":\"2020-12-02T17:06:44+00:00\",\"dateModified\":\"2021-05-19T10:13:21+00:00\",\"breadcrumb\":{\"@id\":\"https:\/\/gl-realestate.hr\/de\/eigenschaft-einreichen\/#breadcrumb\"},\"inLanguage\":\"de\",\"potentialAction\":[{\"@type\":\"ReadAction\",\"target\":[\"https:\/\/gl-realestate.hr\/de\/eigenschaft-einreichen\/\"]}]},{\"@type\":\"BreadcrumbList\",\"@id\":\"https:\/\/gl-realestate.hr\/de\/eigenschaft-einreichen\/#breadcrumb\",\"itemListElement\":[{\"@type\":\"ListItem\",\"position\":1,\"name\":\"Po\\u010detna stranica\",\"item\":\"https:\/\/gl-realestate.hr\/de\/\"},{\"@type\":\"ListItem\",\"position\":2,\"name\":\"Objekt einreichen\"}]}]}<\/script>\n<!-- \/ Yoast SEO plugin. -->","_links":{"self":[{"href":"https:\/\/gl-realestate.hr\/de\/wp-json\/wp\/v2\/pages\/4468","targetHints":{"allow":["GET"]}}],"collection":[{"href":"https:\/\/gl-realestate.hr\/de\/wp-json\/wp\/v2\/pages"}],"about":[{"href":"https:\/\/gl-realestate.hr\/de\/wp-json\/wp\/v2\/types\/page"}],"author":[{"embeddable":true,"href":"https:\/\/gl-realestate.hr\/de\/wp-json\/wp\/v2\/users\/1"}],"replies":[{"embeddable":true,"href":"https:\/\/gl-realestate.hr\/de\/wp-json\/wp\/v2\/comments?post=4468"}],"version-history":[{"count":0,"href":"https:\/\/gl-realestate.hr\/de\/wp-json\/wp\/v2\/pages\/4468\/revisions"}],"wp:attachment":[{"href":"https:\/\/gl-realestate.hr\/de\/wp-json\/wp\/v2\/media?parent=4468"}],"curies":[{"name":"wp","href":"https:\/\/api.w.org\/{rel}","templated":true}]}}